{"id":696,"date":"2021-11-02T05:52:42","date_gmt":"2021-11-02T05:52:42","guid":{"rendered":"https:\/\/wpocean.com\/wp\/plumco\/?page_id=17"},"modified":"2024-08-29T11:14:31","modified_gmt":"2024-08-29T09:14:31","slug":"about","status":"publish","type":"page","link":"https:\/\/grupainfra.com\/?page_id=696","title":{"rendered":"About"},"content":{"rendered":"\t\t<div data-elementor-type=\"wp-page\" data-elementor-id=\"696\" class=\"elementor elementor-696\">\n\t\t\t\t\t\t<section class=\"elementor-section elementor-top-section elementor-element elementor-element-26e0cae elementor-section-full_width elementor-section-height-default elementor-section-height-default\" data-id=\"26e0cae\" data-element_type=\"section\">\n\t\t\t\t\t\t<div class=\"elementor-container elementor-column-gap-no\">\n\t\t\t\t\t<div class=\"elementor-column elementor-col-100 elementor-top-column elementor-element elementor-element-08d907c\" data-id=\"08d907c\" data-element_type=\"column\">\n\t\t\t<div class=\"elementor-widget-wrap\">\n\t\t\t\t\t\t\t<\/div>\n\t\t<\/div>\n\t\t\t\t\t<\/div>\n\t\t<\/section>\n\t\t\t\t<section class=\"elementor-section elementor-top-section elementor-element elementor-element-c990956 elementor-section-full_width elementor-section-height-default elementor-section-height-default\" data-id=\"c990956\" data-element_type=\"section\">\n\t\t\t\t\t\t<div class=\"elementor-container elementor-column-gap-no\">\n\t\t\t\t\t<div class=\"elementor-column elementor-col-100 elementor-top-column elementor-element elementor-element-47eed7a\" data-id=\"47eed7a\" data-element_type=\"column\">\n\t\t\t<div class=\"elementor-widget-wrap elementor-element-populated\">\n\t\t\t\t\t\t<div class=\"elementor-element elementor-element-50ecdcf elementor-widget elementor-widget-wpo-plumco_about\" data-id=\"50ecdcf\" data-element_type=\"widget\" data-settings=\"{&quot;about_image&quot;:{&quot;url&quot;:&quot;http:\\\/\\\/muzeo.home.pl\\\/autoinstalator\\\/wordpress11\\\/wp-content\\\/uploads\\\/2024\\\/08\\\/D.jpg&quot;,&quot;id&quot;:20,&quot;size&quot;:&quot;&quot;,&quot;alt&quot;:&quot;&quot;,&quot;source&quot;:&quot;library&quot;}}\" data-widget_type=\"wpo-plumco_about.default\">\n\t\t\t\t<div class=\"elementor-widget-container\">\n\t\t\t\t<div class=\"wpo-about-section about-section-s3\">\n    <div class=\"container\">\n        <div class=\"row\">\n            <div class=\"col-lg-6 col-md-12 col-12\">\n                <div class=\"about-thumnail\">\n                \t<img decoding=\"async\" src=\"https:\/\/grupainfra.com\/wp-content\/uploads\/2024\/08\/D.jpg\" alt=\"\">                <\/div>\n            <\/div>\n            <div class=\"col-lg-6 col-md-12 col-12\">\n                  <div class=\"wpo-about-text\">\n                   <span>Do\u015bwiadczenie, kt\u00f3re chroni<\/span><h2>Grupa Infra \u2013 dbamy o \u015brodowisko i Twoj\u0105 inwestycj\u0119<\/h2>\t\t\t\t            <div class=\"about-content\">\n\t\t\t\t             \t<p><strong>Grupa Infra<\/strong> to do\u015bwiadczona firma specjalizuj\u0105ca si\u0119 w kompleksowym zabezpieczeniu antykorozyjnym konstrukcji stalowych i betonowych. Nasza oferta obejmuje szeroki zakres us\u0142ug, od przygotowania powierzchni po zastosowanie nowoczesnych pow\u0142ok ochronnych. Dzi\u0119ki bogatemu <strong>do\u015bwiadczeniu i wysoko wykwalifikowanej kadrze<\/strong> zapewniamy naszym klientom kompleksowe rozwi\u0105zania, kt\u00f3re chroni\u0105 ich inwestycje przed korozj\u0105. Stosujemy wy\u0142\u0105cznie sprawdzone metody i najwy\u017cszej jako\u015bci materia\u0142y, co gwarantuje trwa\u0142o\u015b\u0107 i niezawodno\u015b\u0107 naszych us\u0142ug. Nasze dzia\u0142ania s\u0105 zgodne z obowi\u0105zuj\u0105cymi normami i standardami. Oferujemy <strong>indywidualne podej\u015bcie<\/strong> do ka\u017cdego klienta,dzi\u0119ki czemu mo\u017cemy dostosowa\u0107 nasze us\u0142ugi do specyficznych wymaga\u0144 ka\u017cdego projektu.<\/p><p>Grupa Infra to lider w dziedzinie zabezpiecze\u0144 antykorozyjnych w wojew\u00f3dztwie zachodniopomorskim. \u00a0Dzi\u0119ki wieloletniemu do\u015bwiadczeniu i certyfikowanym systemom zarz\u0105dzania jako\u015bci\u0105 gwarantujemy <strong>najwy\u017csz\u0105 jako\u015b\u0107 naszych us\u0142ug.<\/strong><\/p>\t\t\t\t            <\/div>\n                    <div class=\"about-button\">\n                    \t\t                    <\/div>\n                  <\/div>\n                <\/div>\n            <\/div>\n        <\/div>\n    <\/div>\n\t\t\t<\/div>\n\t\t\t\t<\/div>\n\t\t\t\t<div class=\"elementor-element elementor-element-8a36a60 elementor-widget elementor-widget-wpo-plumco_funfact\" data-id=\"8a36a60\" data-element_type=\"widget\" data-settings=\"{&quot;review_image&quot;:{&quot;url&quot;:&quot;https:\\\/\\\/grupainfra.com\\\/wp-content\\\/plugins\\\/elementor\\\/assets\\\/images\\\/placeholder.png&quot;,&quot;id&quot;:&quot;&quot;,&quot;size&quot;:&quot;&quot;}}\" data-widget_type=\"wpo-plumco_funfact.default\">\n\t\t\t\t<div class=\"elementor-widget-container\">\n\t\t\t\t\t<div class=\"wpo-fun-fact-section section-padding\">\n\t    <div class=\"container\">\n\t        <div class=\"row align-items-center\">\n\t            <div class=\"col-lg-5\">\n\t                <div class=\"wpo-funfacts-text\">\n\t                     <h3>Grupa Infra kompleksowa ochrona Twoich konstrukcji<\/h3>\t                    <div class=\"customer-review\">\n\t                         <h2>630<\/h2>\t                        <div class=\"reviews\">\n\t                        <div class=\"review-imag\">\n\t                        \t                        <\/div>\n\t                           <span>Zadowolonych klient\u00f3w<\/span>\t                        <\/div>\n\t                    <\/div>\n\t                <\/div>\n\t            <\/div>\n\t            <div class=\"col col-lg-6 offset-lg-1\">\n\t                <div class=\"wpo-fun-fact-grids clearfix\">\n\t                    \t                    <div class=\"grid\">\n\t                        <div class=\"icon\">\n\t                           <img decoding=\"async\" src=\"https:\/\/grupainfra.com\/wp-content\/uploads\/2024\/08\/kask.png\" alt=\"\">\t                        <\/div>\n\t                        <div class=\"info\">\n\t                          <h3><span class=\"odometer\" data-count=\"23\">00<\/span><\/h3><p>Do\u015bwiadczona kadra<\/p>\t                        <\/div>\n\t                    <\/div>\n\t                  \t                    <div class=\"grid\">\n\t                        <div class=\"icon\">\n\t                           <img decoding=\"async\" src=\"https:\/\/grupainfra.com\/wp-content\/uploads\/2024\/08\/gwaa.png\" alt=\"\">\t                        <\/div>\n\t                        <div class=\"info\">\n\t                          <h3><span class=\"odometer\" data-count=\"85\">00<\/span>+<\/h3><p>szkole\u0144 i certyfikat\u00f3w<\/p>\t                        <\/div>\n\t                    <\/div>\n\t                  \t                    <div class=\"grid\">\n\t                        <div class=\"icon\">\n\t                           <img decoding=\"async\" src=\"https:\/\/grupainfra.com\/wp-content\/uploads\/2024\/08\/troj.png\" alt=\"\">\t                        <\/div>\n\t                        <div class=\"info\">\n\t                          <h3><span class=\"odometer\" data-count=\"20\">00<\/span>K<\/h3><p>Lat Do\u015bwiadczenia<\/p>\t                        <\/div>\n\t                    <\/div>\n\t                  \t                    <div class=\"grid\">\n\t                        <div class=\"icon\">\n\t                           <img decoding=\"async\" src=\"https:\/\/grupainfra.com\/wp-content\/uploads\/2021\/11\/funfact-icon-4.png\" alt=\"\">\t                        <\/div>\n\t                        <div class=\"info\">\n\t                          <h3><span class=\"odometer\" data-count=\"767\">00<\/span><\/h3><p>Wykonanych zlece\u0144<\/p>\t                        <\/div>\n\t                    <\/div>\n\t                  \t                <\/div>\n\t            <\/div>\n\t        <\/div>\n\t    <\/div> <!-- end container -->\n\t\t<\/div>\n\t\t\t\t<\/div>\n\t\t\t\t<\/div>\n\t\t\t\t\t<\/div>\n\t\t<\/div>\n\t\t\t\t\t<\/div>\n\t\t<\/section>\n\t\t\t\t<section class=\"elementor-section elementor-top-section elementor-element elementor-element-bb32b6d elementor-section-full_width elementor-section-height-default elementor-section-height-default\" data-id=\"bb32b6d\" data-element_type=\"section\">\n\t\t\t\t\t\t<div class=\"elementor-container elementor-column-gap-no\">\n\t\t\t\t\t<div class=\"elementor-column elementor-col-100 elementor-top-column elementor-element elementor-element-555d30c\" data-id=\"555d30c\" data-element_type=\"column\">\n\t\t\t<div class=\"elementor-widget-wrap elementor-element-populated\">\n\t\t\t\t\t\t<div class=\"elementor-element elementor-element-62a74af elementor-invisible elementor-widget elementor-widget-wpo-plumco_slider\" data-id=\"62a74af\" data-element_type=\"widget\" data-settings=\"{&quot;_animation&quot;:&quot;fadeIn&quot;}\" data-widget_type=\"wpo-plumco_slider.default\">\n\t\t\t\t<div class=\"elementor-widget-container\">\n\t\t\t\t\t<div class=\"wpo-hero-slider\">\r\n    \t<div class=\"swiper-container\">\r\n      \t<div class=\"swiper-wrapper\">\r\n    \t\t        <div class=\"swiper-slide\">\r\n          <div class=\"slide-inner slide-bg-image\" data-background=\"https:\/\/grupainfra.com\/wp-content\/uploads\/2024\/08\/video-1-1.mp4\">\r\n          \t<div class=\"gradient-overlay\"><\/div>\r\n              <div class=\"container\">\r\n                  <div class=\"slide-content\">\r\n                      <div data-swiper-parallax=\"200\" class=\"wpo-hero-title-top\">\r\n                     \t<span> Grupa Infra <\/span>                      <\/div>\r\n                      <div data-swiper-parallax=\"300\" class=\"slide-title\">\r\n                         <h2>Twoja inwestycja w dobrych r\u0119kach<\/h2>                      <\/div>\r\n                      <div data-swiper-parallax=\"400\" class=\"slide-text\">\r\n                                               <\/div>\r\n                      <div class=\"clearfix\"><\/div>\r\n                    \t                  <\/div>\r\n              <\/div>\r\n          <\/div> <!-- end slide-inner -->\r\n      \t<\/div> <!-- end swiper-slide -->\t\t\t\r\n\t\t\t\t\t\t\t<\/div>\r\n\t\t \t<!-- swipper controls -->\r\n\t        \t<\/div>\r\n\t\t<\/div>\r\n\t\t\t\t<\/div>\n\t\t\t\t<\/div>\n\t\t\t\t\t<\/div>\n\t\t<\/div>\n\t\t\t\t\t<\/div>\n\t\t<\/section>\n\t\t\t\t<\/div>\n\t\t","protected":false},"excerpt":{"rendered":"Do\u015bwiadczenie, kt\u00f3re chroni Grupa Infra \u2013 dbamy o \u015brodowisko i Twoj\u0105 inwestycj\u0119 Grupa Infra to do\u015bwiadczona firma specjalizuj\u0105ca si\u0119 w kompleksowym zabezpieczeniu antykorozyjnym konstrukcji stalowych i betonowych. Nasza oferta obejmuje szeroki zakres us\u0142ug, od przygotowania powierzchni po zastosowanie nowoczesnych pow\u0142ok ochronnych. Dzi\u0119ki bogatemu do\u015bwiadczeniu i wysoko wykwalifikowanej kadrze zapewniamy naszym klientom kompleksowe rozwi\u0105zania, kt\u00f3re chroni\u0105 ","protected":false},"author":1,"featured_media":0,"parent":0,"menu_order":0,"comment_status":"closed","ping_status":"closed","template":"elementor_header_footer","meta":{"footnotes":""},"class_list":["post-696","page","type-page","status-publish","hentry"],"_links":{"self":[{"href":"https:\/\/grupainfra.com\/index.php?rest_route=\/wp\/v2\/pages\/696"}],"collection":[{"href":"https:\/\/grupainfra.com\/index.php?rest_route=\/wp\/v2\/pages"}],"about":[{"href":"https:\/\/grupainfra.com\/index.php?rest_route=\/wp\/v2\/types\/page"}],"author":[{"embeddable":true,"href":"https:\/\/grupainfra.com\/index.php?rest_route=\/wp\/v2\/users\/1"}],"replies":[{"embeddable":true,"href":"https:\/\/grupainfra.com\/index.php?rest_route=%2Fwp%2Fv2%2Fcomments&post=696"}],"version-history":[{"count":10,"href":"https:\/\/grupainfra.com\/index.php?rest_route=\/wp\/v2\/pages\/696\/revisions"}],"predecessor-version":[{"id":847,"href":"https:\/\/grupainfra.com\/index.php?rest_route=\/wp\/v2\/pages\/696\/revisions\/847"}],"wp:attachment":[{"href":"https:\/\/grupainfra.com\/index.php?rest_route=%2Fwp%2Fv2%2Fmedia&parent=696"}],"curies":[{"name":"wp","href":"https:\/\/api.w.org\/{rel}","templated":true}]}}