{"id":698,"date":"2021-11-02T05:53:08","date_gmt":"2021-11-02T05:53:08","guid":{"rendered":"https:\/\/wpocean.com\/wp\/plumco\/?page_id=21"},"modified":"2024-08-29T15:23:08","modified_gmt":"2024-08-29T13:23:08","slug":"services","status":"publish","type":"page","link":"https:\/\/grupainfra.com\/?page_id=698","title":{"rendered":"Services"},"content":{"rendered":"\t\t<div data-elementor-type=\"wp-page\" data-elementor-id=\"698\" class=\"elementor elementor-698\">\n\t\t\t\t\t\t<section class=\"elementor-section elementor-top-section elementor-element elementor-element-0242b0d elementor-section-full_width elementor-section-height-default elementor-section-height-default\" data-id=\"0242b0d\" data-element_type=\"section\" data-settings=\"{&quot;background_background&quot;:&quot;classic&quot;}\">\n\t\t\t\t\t\t<div class=\"elementor-container elementor-column-gap-no\">\n\t\t\t\t\t<div class=\"elementor-column elementor-col-100 elementor-top-column elementor-element elementor-element-b975090\" data-id=\"b975090\" data-element_type=\"column\">\n\t\t\t<div class=\"elementor-widget-wrap elementor-element-populated\">\n\t\t\t\t\t\t<div class=\"elementor-element elementor-element-d30ecb7 elementor-widget elementor-widget-text-editor\" data-id=\"d30ecb7\" data-element_type=\"widget\" data-widget_type=\"text-editor.default\">\n\t\t\t\t<div class=\"elementor-widget-container\">\n\t\t\t<style>\/*! elementor - v3.23.0 - 05-08-2024 *\/\n.elementor-widget-text-editor.elementor-drop-cap-view-stacked .elementor-drop-cap{background-color:#69727d;color:#fff}.elementor-widget-text-editor.elementor-drop-cap-view-framed .elementor-drop-cap{color:#69727d;border:3px solid;background-color:transparent}.elementor-widget-text-editor:not(.elementor-drop-cap-view-default) .elementor-drop-cap{margin-top:8px}.elementor-widget-text-editor:not(.elementor-drop-cap-view-default) .elementor-drop-cap-letter{width:1em;height:1em}.elementor-widget-text-editor .elementor-drop-cap{float:left;text-align:center;line-height:1;font-size:50px}.elementor-widget-text-editor .elementor-drop-cap-letter{display:inline-block}<\/style>\t\t\t\t<h1 data-sourcepos=\"5:1-5:57\">Poznaj nasze obszary dzia\u0142a\u0144<\/h1><p>Nasza oferta obejmuje szeroki zakres us\u0142ug, od przygotowania powierzchni po zastosowanie nowoczesnych pow\u0142ok ochronnych.<\/p>\t\t\t\t\t\t<\/div>\n\t\t\t\t<\/div>\n\t\t\t\t<div class=\"elementor-element elementor-element-b3073e5 elementor-widget elementor-widget-spacer\" data-id=\"b3073e5\" data-element_type=\"widget\" data-widget_type=\"spacer.default\">\n\t\t\t\t<div class=\"elementor-widget-container\">\n\t\t\t<style>\/*! elementor - v3.23.0 - 05-08-2024 *\/\n.elementor-column .elementor-spacer-inner{height:var(--spacer-size)}.e-con{--container-widget-width:100%}.e-con-inner>.elementor-widget-spacer,.e-con>.elementor-widget-spacer{width:var(--container-widget-width,var(--spacer-size));--align-self:var(--container-widget-align-self,initial);--flex-shrink:0}.e-con-inner>.elementor-widget-spacer>.elementor-widget-container,.e-con>.elementor-widget-spacer>.elementor-widget-container{height:100%;width:100%}.e-con-inner>.elementor-widget-spacer>.elementor-widget-container>.elementor-spacer,.e-con>.elementor-widget-spacer>.elementor-widget-container>.elementor-spacer{height:100%}.e-con-inner>.elementor-widget-spacer>.elementor-widget-container>.elementor-spacer>.elementor-spacer-inner,.e-con>.elementor-widget-spacer>.elementor-widget-container>.elementor-spacer>.elementor-spacer-inner{height:var(--container-widget-height,var(--spacer-size))}.e-con-inner>.elementor-widget-spacer.elementor-widget-empty,.e-con>.elementor-widget-spacer.elementor-widget-empty{position:relative;min-height:22px;min-width:22px}.e-con-inner>.elementor-widget-spacer.elementor-widget-empty .elementor-widget-empty-icon,.e-con>.elementor-widget-spacer.elementor-widget-empty .elementor-widget-empty-icon{position:absolute;top:0;bottom:0;left:0;right:0;margin:auto;padding:0;width:22px;height:22px}<\/style>\t\t<div class=\"elementor-spacer\">\n\t\t\t<div class=\"elementor-spacer-inner\"><\/div>\n\t\t<\/div>\n\t\t\t\t<\/div>\n\t\t\t\t<\/div>\n\t\t<div class=\"elementor-element elementor-element-3647703 e-grid e-con-boxed e-con e-parent\" data-id=\"3647703\" data-element_type=\"container\">\n\t\t\t\t\t<div class=\"e-con-inner\">\n\t\t<div class=\"elementor-element elementor-element-091299b e-con-full e-flex e-con e-child\" data-id=\"091299b\" data-element_type=\"container\">\n\t\t\t\t<div class=\"elementor-element elementor-element-ba96328 elementor-widget elementor-widget-spacer\" data-id=\"ba96328\" data-element_type=\"widget\" data-widget_type=\"spacer.default\">\n\t\t\t\t<div class=\"elementor-widget-container\">\n\t\t\t\t\t<div class=\"elementor-spacer\">\n\t\t\t<div class=\"elementor-spacer-inner\"><\/div>\n\t\t<\/div>\n\t\t\t\t<\/div>\n\t\t\t\t<\/div>\n\t\t\t\t<div class=\"elementor-element elementor-element-6758396 elementor-widget elementor-widget-image\" data-id=\"6758396\" data-element_type=\"widget\" data-widget_type=\"image.default\">\n\t\t\t\t<div class=\"elementor-widget-container\">\n\t\t\t<style>\/*! elementor - v3.23.0 - 05-08-2024 *\/\n.elementor-widget-image{text-align:center}.elementor-widget-image a{display:inline-block}.elementor-widget-image a img[src$=\".svg\"]{width:48px}.elementor-widget-image img{vertical-align:middle;display:inline-block}<\/style>\t\t\t\t\t\t\t\t\t\t<img decoding=\"async\" width=\"64\" height=\"64\" src=\"https:\/\/grupainfra.com\/wp-content\/uploads\/2024\/08\/8i.png\" class=\"attachment-large size-large wp-image-731\" alt=\"\" \/>\t\t\t\t\t\t\t\t\t\t\t\t\t<\/div>\n\t\t\t\t<\/div>\n\t\t\t\t<div class=\"elementor-element elementor-element-ed12c1e elementor-widget elementor-widget-text-editor\" data-id=\"ed12c1e\" data-element_type=\"widget\" data-widget_type=\"text-editor.default\">\n\t\t\t\t<div class=\"elementor-widget-container\">\n\t\t\t\t\t\t\t<h4>Antykorozja betonu i stali\u00a0<\/h4>\t\t\t\t\t\t<\/div>\n\t\t\t\t<\/div>\n\t\t\t\t<div class=\"elementor-element elementor-element-557ea92 elementor-widget elementor-widget-text-editor\" data-id=\"557ea92\" data-element_type=\"widget\" data-widget_type=\"text-editor.default\">\n\t\t\t\t<div class=\"elementor-widget-container\">\n\t\t\t\t\t\t\t<p>Najnowsze technologie na rzecz trwa\u0142o\u015bci Twoich konstrukcji. Niezawodna ochrona przed korozj\u0105<\/p>\t\t\t\t\t\t<\/div>\n\t\t\t\t<\/div>\n\t\t\t\t<\/div>\n\t\t<div class=\"elementor-element elementor-element-51918d5 e-con-full e-flex e-con e-child\" data-id=\"51918d5\" data-element_type=\"container\">\n\t\t\t\t<div class=\"elementor-element elementor-element-43cfc97 elementor-widget elementor-widget-spacer\" data-id=\"43cfc97\" data-element_type=\"widget\" data-widget_type=\"spacer.default\">\n\t\t\t\t<div class=\"elementor-widget-container\">\n\t\t\t\t\t<div class=\"elementor-spacer\">\n\t\t\t<div class=\"elementor-spacer-inner\"><\/div>\n\t\t<\/div>\n\t\t\t\t<\/div>\n\t\t\t\t<\/div>\n\t\t\t\t<div class=\"elementor-element elementor-element-d2bf70b elementor-widget elementor-widget-image\" data-id=\"d2bf70b\" data-element_type=\"widget\" data-widget_type=\"image.default\">\n\t\t\t\t<div class=\"elementor-widget-container\">\n\t\t\t\t\t\t\t\t\t\t\t\t\t<img decoding=\"async\" width=\"64\" height=\"64\" src=\"https:\/\/grupainfra.com\/wp-content\/uploads\/2024\/08\/6i.png\" class=\"attachment-large size-large wp-image-729\" alt=\"\" \/>\t\t\t\t\t\t\t\t\t\t\t\t\t<\/div>\n\t\t\t\t<\/div>\n\t\t\t\t<div class=\"elementor-element elementor-element-c147481 elementor-widget elementor-widget-text-editor\" data-id=\"c147481\" data-element_type=\"widget\" data-widget_type=\"text-editor.default\">\n\t\t\t\t<div class=\"elementor-widget-container\">\n\t\t\t\t\t\t\t<h4>Posadzki \u017cywiczne<\/h4>\t\t\t\t\t\t<\/div>\n\t\t\t\t<\/div>\n\t\t\t\t<div class=\"elementor-element elementor-element-5b9dea1 elementor-widget elementor-widget-text-editor\" data-id=\"5b9dea1\" data-element_type=\"widget\" data-widget_type=\"text-editor.default\">\n\t\t\t\t<div class=\"elementor-widget-container\">\n\t\t\t\t\t\t\t<p>Nowoczesne rozwi\u0105zania gwarantuj\u0105 bezszwowe, \u0142atwe w utrzymaniu i odporne na uszkodzenia powierzchnie<\/p>\t\t\t\t\t\t<\/div>\n\t\t\t\t<\/div>\n\t\t\t\t<\/div>\n\t\t<div class=\"elementor-element elementor-element-6996429 e-con-full e-flex e-con e-child\" data-id=\"6996429\" data-element_type=\"container\">\n\t\t\t\t<div class=\"elementor-element elementor-element-4b5eac9 elementor-widget elementor-widget-spacer\" data-id=\"4b5eac9\" data-element_type=\"widget\" data-widget_type=\"spacer.default\">\n\t\t\t\t<div class=\"elementor-widget-container\">\n\t\t\t\t\t<div class=\"elementor-spacer\">\n\t\t\t<div class=\"elementor-spacer-inner\"><\/div>\n\t\t<\/div>\n\t\t\t\t<\/div>\n\t\t\t\t<\/div>\n\t\t\t\t<div class=\"elementor-element elementor-element-aab8f12 elementor-widget elementor-widget-image\" data-id=\"aab8f12\" data-element_type=\"widget\" data-widget_type=\"image.default\">\n\t\t\t\t<div class=\"elementor-widget-container\">\n\t\t\t\t\t\t\t\t\t\t\t\t\t<img decoding=\"async\" width=\"64\" height=\"64\" src=\"https:\/\/grupainfra.com\/wp-content\/uploads\/2024\/08\/4i.png\" class=\"attachment-large size-large wp-image-727\" alt=\"\" \/>\t\t\t\t\t\t\t\t\t\t\t\t\t<\/div>\n\t\t\t\t<\/div>\n\t\t\t\t<div class=\"elementor-element elementor-element-dbe79d7 elementor-widget elementor-widget-text-editor\" data-id=\"dbe79d7\" data-element_type=\"widget\" data-widget_type=\"text-editor.default\">\n\t\t\t\t<div class=\"elementor-widget-container\">\n\t\t\t\t\t\t\t<h4>Naprawa \u017celbetu<\/h4>\t\t\t\t\t\t<\/div>\n\t\t\t\t<\/div>\n\t\t\t\t<div class=\"elementor-element elementor-element-7da7a51 elementor-widget elementor-widget-text-editor\" data-id=\"7da7a51\" data-element_type=\"widget\" data-widget_type=\"text-editor.default\">\n\t\t\t\t<div class=\"elementor-widget-container\">\n\t\t\t\t\t\t\t<p>Przywr\u00f3cimy Twojej konstrukcji dawny blask i zapewniamy d\u0142ug\u0105 \u017cywotno\u015b\u0107. Pe\u0142en zakres us\u0142ug\u00a0<\/p>\t\t\t\t\t\t<\/div>\n\t\t\t\t<\/div>\n\t\t\t\t<\/div>\n\t\t<div class=\"elementor-element elementor-element-46ce9d0 e-con-full e-flex e-con e-child\" data-id=\"46ce9d0\" data-element_type=\"container\">\n\t\t\t\t<div class=\"elementor-element elementor-element-4215320 elementor-widget elementor-widget-spacer\" data-id=\"4215320\" data-element_type=\"widget\" data-widget_type=\"spacer.default\">\n\t\t\t\t<div class=\"elementor-widget-container\">\n\t\t\t\t\t<div class=\"elementor-spacer\">\n\t\t\t<div class=\"elementor-spacer-inner\"><\/div>\n\t\t<\/div>\n\t\t\t\t<\/div>\n\t\t\t\t<\/div>\n\t\t\t\t<div class=\"elementor-element elementor-element-092f87c elementor-widget elementor-widget-image\" data-id=\"092f87c\" data-element_type=\"widget\" data-widget_type=\"image.default\">\n\t\t\t\t<div class=\"elementor-widget-container\">\n\t\t\t\t\t\t\t\t\t\t\t\t\t<img loading=\"lazy\" decoding=\"async\" width=\"64\" height=\"64\" src=\"https:\/\/grupainfra.com\/wp-content\/uploads\/2024\/08\/3i.png\" class=\"attachment-large size-large wp-image-726\" alt=\"\" \/>\t\t\t\t\t\t\t\t\t\t\t\t\t<\/div>\n\t\t\t\t<\/div>\n\t\t\t\t<div class=\"elementor-element elementor-element-c055151 elementor-widget elementor-widget-text-editor\" data-id=\"c055151\" data-element_type=\"widget\" data-widget_type=\"text-editor.default\">\n\t\t\t\t<div class=\"elementor-widget-container\">\n\t\t\t\t\t\t\t<h4>Izolacje \u00a0\/ Iniekcje<\/h4>\t\t\t\t\t\t<\/div>\n\t\t\t\t<\/div>\n\t\t\t\t<div class=\"elementor-element elementor-element-9b0b9f2 elementor-widget elementor-widget-text-editor\" data-id=\"9b0b9f2\" data-element_type=\"widget\" data-widget_type=\"text-editor.default\">\n\t\t\t\t<div class=\"elementor-widget-container\">\n\t\t\t\t\t\t\t<p>Skuteczne zabezpieczenie konstrukcji przed wilgoci\u0105, wod\u0105 i innymi czynnikami zewn\u0119trznymi<\/p>\t\t\t\t\t\t<\/div>\n\t\t\t\t<\/div>\n\t\t\t\t<\/div>\n\t\t<div class=\"elementor-element elementor-element-25a8501 e-con-full e-flex e-con e-child\" data-id=\"25a8501\" data-element_type=\"container\">\n\t\t\t\t<div class=\"elementor-element elementor-element-ce4de42 elementor-widget elementor-widget-spacer\" data-id=\"ce4de42\" data-element_type=\"widget\" data-widget_type=\"spacer.default\">\n\t\t\t\t<div class=\"elementor-widget-container\">\n\t\t\t\t\t<div class=\"elementor-spacer\">\n\t\t\t<div class=\"elementor-spacer-inner\"><\/div>\n\t\t<\/div>\n\t\t\t\t<\/div>\n\t\t\t\t<\/div>\n\t\t\t\t<div class=\"elementor-element elementor-element-b77a53c elementor-widget elementor-widget-image\" data-id=\"b77a53c\" data-element_type=\"widget\" data-widget_type=\"image.default\">\n\t\t\t\t<div class=\"elementor-widget-container\">\n\t\t\t\t\t\t\t\t\t\t\t\t\t<img loading=\"lazy\" decoding=\"async\" width=\"64\" height=\"64\" src=\"https:\/\/grupainfra.com\/wp-content\/uploads\/2024\/08\/1i.png\" class=\"attachment-large size-large wp-image-724\" alt=\"\" \/>\t\t\t\t\t\t\t\t\t\t\t\t\t<\/div>\n\t\t\t\t<\/div>\n\t\t\t\t<div class=\"elementor-element elementor-element-22b73fc elementor-widget elementor-widget-text-editor\" data-id=\"22b73fc\" data-element_type=\"widget\" data-widget_type=\"text-editor.default\">\n\t\t\t\t<div class=\"elementor-widget-container\">\n\t\t\t\t\t\t\t<h4>Piaskowanie \u00a0\/ Sodowanie<\/h4>\t\t\t\t\t\t<\/div>\n\t\t\t\t<\/div>\n\t\t\t\t<div class=\"elementor-element elementor-element-6416b41 elementor-widget elementor-widget-text-editor\" data-id=\"6416b41\" data-element_type=\"widget\" data-widget_type=\"text-editor.default\">\n\t\t\t\t<div class=\"elementor-widget-container\">\n\t\t\t\t\t\t\t<p>Metody czyszczenia powierzchni, kt\u00f3re wykorzystuj\u0105 strumie\u0144 \u015bcierniwa pod wysokim ci\u015bnieniem<\/p>\t\t\t\t\t\t<\/div>\n\t\t\t\t<\/div>\n\t\t\t\t<\/div>\n\t\t<div class=\"elementor-element elementor-element-23d5a1c e-con-full e-flex e-con e-child\" data-id=\"23d5a1c\" data-element_type=\"container\">\n\t\t\t\t<div class=\"elementor-element elementor-element-b63092e elementor-widget elementor-widget-spacer\" data-id=\"b63092e\" data-element_type=\"widget\" data-widget_type=\"spacer.default\">\n\t\t\t\t<div class=\"elementor-widget-container\">\n\t\t\t\t\t<div class=\"elementor-spacer\">\n\t\t\t<div class=\"elementor-spacer-inner\"><\/div>\n\t\t<\/div>\n\t\t\t\t<\/div>\n\t\t\t\t<\/div>\n\t\t\t\t<div class=\"elementor-element elementor-element-b3aa6c5 elementor-widget elementor-widget-image\" data-id=\"b3aa6c5\" data-element_type=\"widget\" data-widget_type=\"image.default\">\n\t\t\t\t<div class=\"elementor-widget-container\">\n\t\t\t\t\t\t\t\t\t\t\t\t\t<img loading=\"lazy\" decoding=\"async\" width=\"64\" height=\"64\" src=\"https:\/\/grupainfra.com\/wp-content\/uploads\/2024\/08\/7i.png\" class=\"attachment-large size-large wp-image-730\" alt=\"\" \/>\t\t\t\t\t\t\t\t\t\t\t\t\t<\/div>\n\t\t\t\t<\/div>\n\t\t\t\t<div class=\"elementor-element elementor-element-539f87e elementor-widget elementor-widget-text-editor\" data-id=\"539f87e\" data-element_type=\"widget\" data-widget_type=\"text-editor.default\">\n\t\t\t\t<div class=\"elementor-widget-container\">\n\t\t\t\t\t\t\t<h4>Wzmocnienia carbodur<\/h4>\t\t\t\t\t\t<\/div>\n\t\t\t\t<\/div>\n\t\t\t\t<div class=\"elementor-element elementor-element-72218dc elementor-widget elementor-widget-text-editor\" data-id=\"72218dc\" data-element_type=\"widget\" data-widget_type=\"text-editor.default\">\n\t\t\t\t<div class=\"elementor-widget-container\">\n\t\t\t\t\t\t\t<p>Stosowany \u00a0g\u0142\u00f3wnie do wzmocnie\u0144 konstrukcyjnych, gdzie tradycyjne metody okazuj\u0105 si\u0119 niewystarczaj\u0105ce\u00a0<\/p>\t\t\t\t\t\t<\/div>\n\t\t\t\t<\/div>\n\t\t\t\t<\/div>\n\t\t<div class=\"elementor-element elementor-element-1bd2677 e-con-full e-flex e-con e-child\" data-id=\"1bd2677\" data-element_type=\"container\">\n\t\t\t\t<div class=\"elementor-element elementor-element-7d838fd elementor-widget elementor-widget-spacer\" data-id=\"7d838fd\" data-element_type=\"widget\" data-widget_type=\"spacer.default\">\n\t\t\t\t<div class=\"elementor-widget-container\">\n\t\t\t\t\t<div class=\"elementor-spacer\">\n\t\t\t<div class=\"elementor-spacer-inner\"><\/div>\n\t\t<\/div>\n\t\t\t\t<\/div>\n\t\t\t\t<\/div>\n\t\t\t\t<div class=\"elementor-element elementor-element-9dcc96d elementor-widget elementor-widget-image\" data-id=\"9dcc96d\" data-element_type=\"widget\" data-widget_type=\"image.default\">\n\t\t\t\t<div class=\"elementor-widget-container\">\n\t\t\t\t\t\t\t\t\t\t\t\t\t<img loading=\"lazy\" decoding=\"async\" width=\"64\" height=\"64\" src=\"https:\/\/grupainfra.com\/wp-content\/uploads\/2024\/08\/9i.png\" class=\"attachment-large size-large wp-image-732\" alt=\"\" \/>\t\t\t\t\t\t\t\t\t\t\t\t\t<\/div>\n\t\t\t\t<\/div>\n\t\t\t\t<div class=\"elementor-element elementor-element-eeadb23 elementor-widget elementor-widget-text-editor\" data-id=\"eeadb23\" data-element_type=\"widget\" data-widget_type=\"text-editor.default\">\n\t\t\t\t<div class=\"elementor-widget-container\">\n\t\t\t\t\t\t\t<h4>Szlifowanie<\/h4>\t\t\t\t\t\t<\/div>\n\t\t\t\t<\/div>\n\t\t\t\t<div class=\"elementor-element elementor-element-84bb6c4 elementor-widget elementor-widget-text-editor\" data-id=\"84bb6c4\" data-element_type=\"widget\" data-widget_type=\"text-editor.default\">\n\t\t\t\t<div class=\"elementor-widget-container\">\n\t\t\t\t\t\t\t<p>Kompleksowa obr\u00f3bka powierzchni. Oferujemy pe\u0142en zakres us\u0142ug zwi\u0105zanych z obr\u00f3bk\u0105 powierzchni.<\/p>\t\t\t\t\t\t<\/div>\n\t\t\t\t<\/div>\n\t\t\t\t<\/div>\n\t\t<div class=\"elementor-element elementor-element-0989435 e-con-full e-flex e-con e-child\" data-id=\"0989435\" data-element_type=\"container\">\n\t\t\t\t<div class=\"elementor-element elementor-element-ec31712 elementor-widget elementor-widget-spacer\" data-id=\"ec31712\" data-element_type=\"widget\" data-widget_type=\"spacer.default\">\n\t\t\t\t<div class=\"elementor-widget-container\">\n\t\t\t\t\t<div class=\"elementor-spacer\">\n\t\t\t<div class=\"elementor-spacer-inner\"><\/div>\n\t\t<\/div>\n\t\t\t\t<\/div>\n\t\t\t\t<\/div>\n\t\t\t\t<div class=\"elementor-element elementor-element-e1bdff0 elementor-widget elementor-widget-image\" data-id=\"e1bdff0\" data-element_type=\"widget\" data-widget_type=\"image.default\">\n\t\t\t\t<div class=\"elementor-widget-container\">\n\t\t\t\t\t\t\t\t\t\t\t\t\t<img loading=\"lazy\" decoding=\"async\" width=\"64\" height=\"64\" src=\"https:\/\/grupainfra.com\/wp-content\/uploads\/2024\/08\/2i.png\" class=\"attachment-large size-large wp-image-725\" alt=\"\" \/>\t\t\t\t\t\t\t\t\t\t\t\t\t<\/div>\n\t\t\t\t<\/div>\n\t\t\t\t<div class=\"elementor-element elementor-element-61f6400 elementor-widget elementor-widget-text-editor\" data-id=\"61f6400\" data-element_type=\"widget\" data-widget_type=\"text-editor.default\">\n\t\t\t\t<div class=\"elementor-widget-container\">\n\t\t\t\t\t\t\t<h4>Frezowanie<\/h4>\t\t\t\t\t\t<\/div>\n\t\t\t\t<\/div>\n\t\t\t\t<div class=\"elementor-element elementor-element-4e48cd5 elementor-widget elementor-widget-text-editor\" data-id=\"4e48cd5\" data-element_type=\"widget\" data-widget_type=\"text-editor.default\">\n\t\t\t\t<div class=\"elementor-widget-container\">\n\t\t\t\t\t\t\t<p>Kompleksowa obr\u00f3bka powierzchni. Oferujemy pe\u0142en zakres us\u0142ug zwi\u0105zanych z obr\u00f3bk\u0105 powierzchni.<\/p>\t\t\t\t\t\t<\/div>\n\t\t\t\t<\/div>\n\t\t\t\t<\/div>\n\t\t<div class=\"elementor-element elementor-element-fa363c8 e-con-full e-flex e-con e-child\" data-id=\"fa363c8\" data-element_type=\"container\">\n\t\t\t\t<div class=\"elementor-element elementor-element-452a95f elementor-widget elementor-widget-spacer\" data-id=\"452a95f\" data-element_type=\"widget\" data-widget_type=\"spacer.default\">\n\t\t\t\t<div class=\"elementor-widget-container\">\n\t\t\t\t\t<div class=\"elementor-spacer\">\n\t\t\t<div class=\"elementor-spacer-inner\"><\/div>\n\t\t<\/div>\n\t\t\t\t<\/div>\n\t\t\t\t<\/div>\n\t\t\t\t<div class=\"elementor-element elementor-element-df9f523 elementor-widget elementor-widget-image\" data-id=\"df9f523\" data-element_type=\"widget\" data-widget_type=\"image.default\">\n\t\t\t\t<div class=\"elementor-widget-container\">\n\t\t\t\t\t\t\t\t\t\t\t\t\t<img loading=\"lazy\" decoding=\"async\" width=\"64\" height=\"64\" src=\"https:\/\/grupainfra.com\/wp-content\/uploads\/2024\/08\/5i.png\" class=\"attachment-large size-large wp-image-728\" alt=\"\" \/>\t\t\t\t\t\t\t\t\t\t\t\t\t<\/div>\n\t\t\t\t<\/div>\n\t\t\t\t<div class=\"elementor-element elementor-element-a2b5681 elementor-widget elementor-widget-text-editor\" data-id=\"a2b5681\" data-element_type=\"widget\" data-widget_type=\"text-editor.default\">\n\t\t\t\t<div class=\"elementor-widget-container\">\n\t\t\t\t\t\t\t<h4>\u015arutowanie<\/h4>\t\t\t\t\t\t<\/div>\n\t\t\t\t<\/div>\n\t\t\t\t<div class=\"elementor-element elementor-element-9065b7b elementor-widget elementor-widget-text-editor\" data-id=\"9065b7b\" data-element_type=\"widget\" data-widget_type=\"text-editor.default\">\n\t\t\t\t<div class=\"elementor-widget-container\">\n\t\t\t\t\t\t\t<p>Kompleksowa obr\u00f3bka powierzchni. Oferujemy pe\u0142en zakres us\u0142ug zwi\u0105zanych z obr\u00f3bk\u0105 powierzchni.<\/p>\t\t\t\t\t\t<\/div>\n\t\t\t\t<\/div>\n\t\t\t\t<\/div>\n\t\t\t\t\t<\/div>\n\t\t\t\t<\/div>\n\t\t\t\t<div class=\"elementor-element elementor-element-797536b elementor-widget elementor-widget-spacer\" data-id=\"797536b\" data-element_type=\"widget\" data-widget_type=\"spacer.default\">\n\t\t\t\t<div class=\"elementor-widget-container\">\n\t\t\t\t\t<div class=\"elementor-spacer\">\n\t\t\t<div class=\"elementor-spacer-inner\"><\/div>\n\t\t<\/div>\n\t\t\t\t<\/div>\n\t\t\t\t<\/div>\n\t\t\t\t<div class=\"elementor-element elementor-element-e21bb91 elementor-widget elementor-widget-wpo-plumco_funfact\" data-id=\"e21bb91\" data-element_type=\"widget\" data-settings=\"{&quot;review_image&quot;:{&quot;url&quot;:&quot;https:\\\/\\\/grupainfra.com\\\/wp-content\\\/plugins\\\/elementor\\\/assets\\\/images\\\/placeholder.png&quot;,&quot;id&quot;:&quot;&quot;,&quot;size&quot;:&quot;&quot;}}\" data-widget_type=\"wpo-plumco_funfact.default\">\n\t\t\t\t<div class=\"elementor-widget-container\">\n\t\t\t\t\t<div class=\"wpo-fun-fact-section section-padding\">\n\t    <div class=\"container\">\n\t        <div class=\"row align-items-center\">\n\t            <div class=\"col-lg-5\">\n\t                <div class=\"wpo-funfacts-text\">\n\t                     <h3>Grupa Infra kompleksowa ochrona Twoich konstrukcji<\/h3>\t                    <div class=\"customer-review\">\n\t                         <h2>630<\/h2>\t                        <div class=\"reviews\">\n\t                        <div class=\"review-imag\">\n\t                        \t                        <\/div>\n\t                           <span>Zadowolonych klient\u00f3w<\/span>\t                        <\/div>\n\t                    <\/div>\n\t                <\/div>\n\t            <\/div>\n\t            <div class=\"col col-lg-6 offset-lg-1\">\n\t                <div class=\"wpo-fun-fact-grids clearfix\">\n\t                    \t                    <div class=\"grid\">\n\t                        <div class=\"icon\">\n\t                           <img decoding=\"async\" src=\"https:\/\/grupainfra.com\/wp-content\/uploads\/2024\/08\/kask.png\" alt=\"\">\t                        <\/div>\n\t                        <div class=\"info\">\n\t                          <h3><span class=\"odometer\" data-count=\"23\">00<\/span><\/h3><p>Do\u015bwiadczona kadra<\/p>\t                        <\/div>\n\t                    <\/div>\n\t                  \t                    <div class=\"grid\">\n\t                        <div class=\"icon\">\n\t                           <img decoding=\"async\" src=\"https:\/\/grupainfra.com\/wp-content\/uploads\/2024\/08\/gwaa.png\" alt=\"\">\t                        <\/div>\n\t                        <div class=\"info\">\n\t                          <h3><span class=\"odometer\" data-count=\"85\">00<\/span>+<\/h3><p>szkole\u0144 i certyfikat\u00f3w<\/p>\t                        <\/div>\n\t                    <\/div>\n\t                  \t                    <div class=\"grid\">\n\t                        <div class=\"icon\">\n\t                           <img decoding=\"async\" src=\"https:\/\/grupainfra.com\/wp-content\/uploads\/2024\/08\/troj.png\" alt=\"\">\t                        <\/div>\n\t                        <div class=\"info\">\n\t                          <h3><span class=\"odometer\" data-count=\"20\">00<\/span>Lat<\/h3><p>Na rynku<\/p>\t                        <\/div>\n\t                    <\/div>\n\t                  \t                    <div class=\"grid\">\n\t                        <div class=\"icon\">\n\t                           <img decoding=\"async\" src=\"https:\/\/grupainfra.com\/wp-content\/uploads\/2021\/11\/funfact-icon-4.png\" alt=\"\">\t                        <\/div>\n\t                        <div class=\"info\">\n\t                          <h3><span class=\"odometer\" data-count=\"767\">00<\/span><\/h3><p>Wykonanych zlece\u0144<\/p>\t                        <\/div>\n\t                    <\/div>\n\t                  \t                <\/div>\n\t            <\/div>\n\t        <\/div>\n\t    <\/div> <!-- end container -->\n\t\t<\/div>\n\t\t\t\t<\/div>\n\t\t\t\t<\/div>\n\t\t\t\t\t<\/div>\n\t\t<\/div>\n\t\t\t\t\t<\/div>\n\t\t<\/section>\n\t\t\t\t<\/div>\n\t\t","protected":false},"excerpt":{"rendered":"Poznaj nasze obszary dzia\u0142a\u0144 Nasza oferta obejmuje szeroki zakres us\u0142ug, od przygotowania powierzchni po zastosowanie nowoczesnych pow\u0142ok ochronnych. Antykorozja betonu i stali\u00a0 Najnowsze technologie na rzecz trwa\u0142o\u015bci Twoich konstrukcji. Niezawodna ochrona przed korozj\u0105 Posadzki \u017cywiczne Nowoczesne rozwi\u0105zania gwarantuj\u0105 bezszwowe, \u0142atwe w utrzymaniu i odporne na uszkodzenia powierzchnie Naprawa \u017celbetu Przywr\u00f3cimy Twojej konstrukcji dawny blask i ","protected":false},"author":1,"featured_media":0,"parent":0,"menu_order":0,"comment_status":"closed","ping_status":"closed","template":"elementor_header_footer","meta":{"footnotes":""},"class_list":["post-698","page","type-page","status-publish","hentry"],"_links":{"self":[{"href":"https:\/\/grupainfra.com\/index.php?rest_route=\/wp\/v2\/pages\/698"}],"collection":[{"href":"https:\/\/grupainfra.com\/index.php?rest_route=\/wp\/v2\/pages"}],"about":[{"href":"https:\/\/grupainfra.com\/index.php?rest_route=\/wp\/v2\/types\/page"}],"author":[{"embeddable":true,"href":"https:\/\/grupainfra.com\/index.php?rest_route=\/wp\/v2\/users\/1"}],"replies":[{"embeddable":true,"href":"https:\/\/grupainfra.com\/index.php?rest_route=%2Fwp%2Fv2%2Fcomments&post=698"}],"version-history":[{"count":28,"href":"https:\/\/grupainfra.com\/index.php?rest_route=\/wp\/v2\/pages\/698\/revisions"}],"predecessor-version":[{"id":954,"href":"https:\/\/grupainfra.com\/index.php?rest_route=\/wp\/v2\/pages\/698\/revisions\/954"}],"wp:attachment":[{"href":"https:\/\/grupainfra.com\/index.php?rest_route=%2Fwp%2Fv2%2Fmedia&parent=698"}],"curies":[{"name":"wp","href":"https:\/\/api.w.org\/{rel}","templated":true}]}}